{"id":3895,"date":"2025-12-19T16:33:28","date_gmt":"2025-12-19T16:33:28","guid":{"rendered":"https:\/\/traducteur-pachto.fr\/?page_id=3895"},"modified":"2026-01-19T19:44:55","modified_gmt":"2026-01-19T19:44:55","slug":"mentions-legales","status":"publish","type":"page","link":"https:\/\/traducteur-pachto.fr\/ps\/mentions-legales\/","title":{"rendered":"Mentions l\u00e9gales"},"content":{"rendered":"<div data-elementor-type=\"wp-page\" data-elementor-id=\"3895\" class=\"elementor elementor-3895\" data-elementor-post-type=\"page\">\n\t\t\t\t<div class=\"elementor-element elementor-element-ba298ec e-flex e-con-boxed e-con e-parent\" data-id=\"ba298ec\" data-element_type=\"container\" data-e-type=\"container\" data-settings=\"{&quot;background_background&quot;:&quot;classic&quot;}\">\n\t\t\t\t\t<div class=\"e-con-inner\">\n\t\t\t\t\t<\/div>\n\t\t\t\t<\/div>\n\t\t<div class=\"elementor-element elementor-element-921ebb2 e-flex e-con-boxed e-con e-parent\" data-id=\"921ebb2\" data-element_type=\"container\" data-e-type=\"container\">\n\t\t\t\t\t<div class=\"e-con-inner\">\n\t\t<div class=\"elementor-element elementor-element-bdf51c2 e-con-full e-flex e-con e-child\" data-id=\"bdf51c2\" data-element_type=\"container\" data-e-type=\"container\" data-settings=\"{&quot;background_background&quot;:&quot;classic&quot;}\">\n\t\t\t\t<div class=\"elementor-element elementor-element-3795423 elementor-widget elementor-widget-heading\" data-id=\"3795423\" data-element_type=\"widget\" data-e-type=\"widget\" data-widget_type=\"heading.default\">\n\t\t\t\t\t<h6 class=\"elementor-heading-title elementor-size-default\">Mentions l\u00e9gales <\/h6>\t\t\t\t<\/div>\n\t\t\t\t<div class=\"elementor-element elementor-element-beacbc6 elementor-widget elementor-widget-text-editor\" data-id=\"beacbc6\" data-element_type=\"widget\" data-e-type=\"widget\" data-widget_type=\"text-editor.default\">\n\t\t\t\t\t\t\t\t\t<p data-start=\"286\" data-end=\"649\">Conform\u00e9ment aux dispositions des articles 6-III et 19 de la loi n\u00b02004-575 du 21 juin 2004 pour la Confiance dans l\u2019\u00c9conomie Num\u00e9rique (L.C.E.N.), il est port\u00e9 \u00e0 la connaissance des utilisateurs et visiteurs, ci-apr\u00e8s l\u2019\u00ab Utilisateur \u00bb, du site Traducteur-Pachto.fr (ou nom de domaine exact), ci-apr\u00e8s le \u00ab Site \u00bb, les pr\u00e9sentes mentions l\u00e9gales.<\/p><p data-start=\"651\" data-end=\"853\">La navigation sur le Site par l\u2019Utilisateur implique l\u2019acceptation pleine et enti\u00e8re des pr\u00e9sentes mentions l\u00e9gales.<br data-start=\"767\" data-end=\"770\" \/>Celles-ci sont accessibles \u00e0 tout moment dans la rubrique \u00ab Mentions l\u00e9gales \u00bb.<\/p>\t\t\t\t\t\t\t\t<\/div>\n\t\t\t\t<div class=\"elementor-element elementor-element-afc5c24 elementor-widget elementor-widget-heading\" data-id=\"afc5c24\" data-element_type=\"widget\" data-e-type=\"widget\" data-widget_type=\"heading.default\">\n\t\t\t\t\t<h6 class=\"elementor-heading-title elementor-size-default\">ARTICLE 1 \u2013 L\u2019\u00c9DITEUR<\/h6>\t\t\t\t<\/div>\n\t\t\t\t<div class=\"elementor-element elementor-element-fd48ffd elementor-widget elementor-widget-text-editor\" data-id=\"fd48ffd\" data-element_type=\"widget\" data-e-type=\"widget\" data-widget_type=\"text-editor.default\">\n\t\t\t\t\t\t\t\t\t<p data-start=\"886\" data-end=\"921\">L\u2019\u00e9dition du Site est assur\u00e9e par :<\/p><p data-start=\"923\" data-end=\"1198\">Neotrad SASU<br data-start=\"939\" data-end=\"942\" \/>Soci\u00e9t\u00e9 par actions simplifi\u00e9e unipersonnelle au capital de 1 000 euros<br data-start=\"1017\" data-end=\"1020\" \/>Immatricul\u00e9e au Registre du Commerce et des Soci\u00e9t\u00e9s de Paris<br data-start=\"1085\" data-end=\"1088\" \/>SIREN \/ SIRET : 984 512 541 \/ 984 512 541 00017<br data-start=\"1139\" data-end=\"1142\" \/>Si\u00e8ge social : 147 rue Lamarck, 75018 Paris \u2013 France<\/p><p data-start=\"1200\" data-end=\"1281\">T\u00e9l\u00e9phone : 01 89 71 56 43<br data-start=\"1230\" data-end=\"1233\" \/>Adresse e-mail : <a class=\"decorated-link cursor-pointer\" rel=\"noopener\" data-start=\"1252\" data-end=\"1277\">info@traducteur-pachto.f<\/a><\/p><p data-start=\"1283\" data-end=\"1335\">Num\u00e9ro de TVA intracommunautaire : FR58984512541<\/p><p data-start=\"1337\" data-end=\"1448\">\u00a0<\/p>\t\t\t\t\t\t\t\t<\/div>\n\t\t\t\t<div class=\"elementor-element elementor-element-b70cc1c elementor-widget elementor-widget-heading\" data-id=\"b70cc1c\" data-element_type=\"widget\" data-e-type=\"widget\" data-widget_type=\"heading.default\">\n\t\t\t\t\t<h6 class=\"elementor-heading-title elementor-size-default\">ARTICLE 2 \u2013 L\u2019H\u00c9BERGEUR<\/h6>\t\t\t\t<\/div>\n\t\t\t\t<div class=\"elementor-element elementor-element-6b77984 elementor-widget elementor-widget-text-editor\" data-id=\"6b77984\" data-element_type=\"widget\" data-e-type=\"widget\" data-widget_type=\"text-editor.default\">\n\t\t\t\t\t\t\t\t\t<p data-start=\"1483\" data-end=\"1508\">Le Site est h\u00e9berg\u00e9 par :<\/p><p data-start=\"1510\" data-end=\"1642\">Hostinger International Ltd<br data-start=\"1541\" data-end=\"1544\" \/>Si\u00e8ge social : 61 Lordou Vironos Street, 6023 Larnaca, Chypre<br data-start=\"1609\" data-end=\"1612\" \/>Site web : <a class=\"decorated-link cursor-pointer\" target=\"_new\" rel=\"noopener\" data-start=\"1623\" data-end=\"1640\">www.hostinger.com<\/a><\/p>\t\t\t\t\t\t\t\t<\/div>\n\t\t\t\t<div class=\"elementor-element elementor-element-77db395 elementor-widget elementor-widget-heading\" data-id=\"77db395\" data-element_type=\"widget\" data-e-type=\"widget\" data-widget_type=\"heading.default\">\n\t\t\t\t\t<h6 class=\"elementor-heading-title elementor-size-default\">ARTICLE 3 \u2013 ACC\u00c8S AU SITE<\/h6>\t\t\t\t<\/div>\n\t\t\t\t<div class=\"elementor-element elementor-element-2591127 elementor-widget elementor-widget-text-editor\" data-id=\"2591127\" data-element_type=\"widget\" data-e-type=\"widget\" data-widget_type=\"text-editor.default\">\n\t\t\t\t\t\t\t\t\t<p data-start=\"1679\" data-end=\"1861\">Le Site est accessible 24 heures sur 24 et 7 jours sur 7, sauf cas de force majeure, interruption programm\u00e9e ou non, et pouvant r\u00e9sulter d\u2019une n\u00e9cessit\u00e9 de maintenance technique.<\/p><p data-start=\"1863\" data-end=\"1964\">L\u2019\u00c9diteur ne saurait \u00eatre tenu responsable de toute interruption, suspension ou modification du Site.<\/p>\t\t\t\t\t\t\t\t<\/div>\n\t\t\t\t<div class=\"elementor-element elementor-element-b0c991c elementor-widget elementor-widget-heading\" data-id=\"b0c991c\" data-element_type=\"widget\" data-e-type=\"widget\" data-widget_type=\"heading.default\">\n\t\t\t\t\t<h6 class=\"elementor-heading-title elementor-size-default\">ARTICLE 4 \u2013 COLLECTE ET TRAITEMENT DES DONN\u00c9ES PERSONNELLES<\/h6>\t\t\t\t<\/div>\n\t\t\t\t<div class=\"elementor-element elementor-element-879b982 elementor-widget elementor-widget-text-editor\" data-id=\"879b982\" data-element_type=\"widget\" data-e-type=\"widget\" data-widget_type=\"text-editor.default\">\n\t\t\t\t\t\t\t\t\t<p data-start=\"2035\" data-end=\"2169\">Le Site assure \u00e0 l\u2019Utilisateur une collecte et un traitement des donn\u00e9es personnelles dans le respect de la vie priv\u00e9e, conform\u00e9ment :<\/p><ul data-start=\"2171\" data-end=\"2357\"><li data-start=\"2171\" data-end=\"2250\"><p data-start=\"2173\" data-end=\"2250\">au R\u00e8glement G\u00e9n\u00e9ral sur la Protection des Donn\u00e9es (RGPD \u2013 UE 2016\/679)<\/p><\/li><li data-start=\"2251\" data-end=\"2357\"><p data-start=\"2253\" data-end=\"2357\">\u00e0 la loi n\u00b078-17 du 6 janvier 1978 modifi\u00e9e, relative \u00e0 l\u2019informatique, aux fichiers et aux libert\u00e9s<\/p><\/li><\/ul><p data-start=\"2359\" data-end=\"2500\">L\u2019Utilisateur dispose d\u2019un droit d\u2019acc\u00e8s, de rectification, de suppression et d\u2019opposition concernant les donn\u00e9es personnelles le concernant.<\/p><p data-start=\"2502\" data-end=\"2535\">Ces droits peuvent \u00eatre exerc\u00e9s :<\/p><ul data-start=\"2537\" data-end=\"2602\"><li data-start=\"2537\" data-end=\"2602\"><p data-start=\"2539\" data-end=\"2602\">par e-mail \u00e0 l\u2019adresse suivante : <a class=\"decorated-link cursor-pointer\" rel=\"noopener\" data-start=\"2575\" data-end=\"2600\">info@traducteur-pachto.f<\/a><\/p><\/li><\/ul><p data-start=\"2604\" data-end=\"2781\">Les donn\u00e9es collect\u00e9es sont strictement n\u00e9cessaires au traitement des demandes (devis, contact, envoi de documents) et ne sont en aucun cas c\u00e9d\u00e9es \u00e0 des tiers sans consentement.<\/p>\t\t\t\t\t\t\t\t<\/div>\n\t\t\t\t<div class=\"elementor-element elementor-element-e38d39a elementor-widget elementor-widget-heading\" data-id=\"e38d39a\" data-element_type=\"widget\" data-e-type=\"widget\" data-widget_type=\"heading.default\">\n\t\t\t\t\t<h6 class=\"elementor-heading-title elementor-size-default\">ARTICLE 5 \u2013 PROPRI\u00c9T\u00c9 INTELLECTUELLE<\/h6>\t\t\t\t<\/div>\n\t\t\t\t<div class=\"elementor-element elementor-element-bab6e1b elementor-widget elementor-widget-text-editor\" data-id=\"bab6e1b\" data-element_type=\"widget\" data-e-type=\"widget\" data-widget_type=\"text-editor.default\">\n\t\t\t\t\t\t\t\t\t<p data-start=\"2829\" data-end=\"3073\">Toute utilisation, reproduction, diffusion, commercialisation ou modification, totale ou partielle, du Site ou de son contenu (textes, images, logos, \u00e9l\u00e9ments graphiques), sans autorisation pr\u00e9alable de l\u2019\u00c9diteur, est strictement interdite.<\/p><p data-start=\"3075\" data-end=\"3222\">Toute infraction pourra donner lieu \u00e0 des poursuites conform\u00e9ment aux dispositions du Code de la propri\u00e9t\u00e9 intellectuelle et du Code civil.<\/p>\t\t\t\t\t\t\t\t<\/div>\n\t\t\t\t<\/div>\n\t\t\t\t\t<\/div>\n\t\t\t\t<\/div>\n\t\t\t\t<\/div>","protected":false},"excerpt":{"rendered":"<p>Mentions l\u00e9gales Conform\u00e9ment aux dispositions des articles 6-III et 19 de la loi n\u00b02004-575 du 21 juin 2004 pour la Confiance dans l\u2019\u00c9conomie Num\u00e9rique (L.C.E.N.), il est port\u00e9 \u00e0 la connaissance des utilisateurs et visiteurs, ci-apr\u00e8s l\u2019\u00ab Utilisateur \u00bb, du site Traducteur-Pachto.fr (ou nom de domaine exact), ci-apr\u00e8s le \u00ab Site \u00bb, les pr\u00e9sentes mentions [&hellip;]<\/p>\n","protected":false},"author":1,"featured_media":0,"parent":0,"menu_order":0,"comment_status":"closed","ping_status":"closed","template":"elementor_header_footer","meta":{"footnotes":""},"class_list":["post-3895","page","type-page","status-publish","hentry"],"yoast_head":"<!-- This site is optimized with the Yoast SEO plugin v27.5 - https:\/\/yoast.com\/product\/yoast-seo-wordpress\/ -->\n<title>Mentions l\u00e9gales - traducteur-pachto.fr<\/title>\n<meta name=\"robots\" content=\"index, follow, max-snippet:-1, max-image-preview:large, max-video-preview:-1\" \/>\n<link rel=\"canonical\" href=\"https:\/\/traducteur-pachto.fr\/ps\/mentions-legales\/\" \/>\n<meta property=\"og:locale\" content=\"en_US\" \/>\n<meta property=\"og:type\" content=\"article\" \/>\n<meta property=\"og:title\" content=\"Mentions l\u00e9gales - traducteur-pachto.fr\" \/>\n<meta property=\"og:description\" content=\"Mentions l\u00e9gales Conform\u00e9ment aux dispositions des articles 6-III et 19 de la loi n\u00b02004-575 du 21 juin 2004 pour la Confiance dans l\u2019\u00c9conomie Num\u00e9rique (L.C.E.N.), il est port\u00e9 \u00e0 la connaissance des utilisateurs et visiteurs, ci-apr\u00e8s l\u2019\u00ab Utilisateur \u00bb, du site Traducteur-Pachto.fr (ou nom de domaine exact), ci-apr\u00e8s le \u00ab Site \u00bb, les pr\u00e9sentes mentions [&hellip;]\" \/>\n<meta property=\"og:url\" content=\"https:\/\/traducteur-pachto.fr\/ps\/mentions-legales\/\" \/>\n<meta property=\"og:site_name\" content=\"traducteur-pachto.fr\" \/>\n<meta property=\"article:modified_time\" content=\"2026-01-19T19:44:55+00:00\" \/>\n<meta property=\"og:image\" content=\"https:\/\/traducteur-pachto.fr\/wp-content\/uploads\/2025\/12\/9424_traducteur-in-french_-LOGO-DESIGN_01.png\" \/>\n\t<meta property=\"og:image:width\" content=\"520\" \/>\n\t<meta property=\"og:image:height\" content=\"360\" \/>\n\t<meta property=\"og:image:type\" content=\"image\/png\" \/>\n<meta name=\"twitter:card\" content=\"summary_large_image\" \/>\n<meta name=\"twitter:label1\" content=\"Est. reading time\" \/>\n\t<meta name=\"twitter:data1\" content=\"2 minutes\" \/>\n<script type=\"application\/ld+json\" class=\"yoast-schema-graph\">{\"@context\":\"https:\\\/\\\/schema.org\",\"@graph\":[{\"@type\":\"WebPage\",\"@id\":\"https:\\\/\\\/traducteur-pachto.fr\\\/mentions-legales\\\/\",\"url\":\"https:\\\/\\\/traducteur-pachto.fr\\\/mentions-legales\\\/\",\"name\":\"Mentions l\u00e9gales - traducteur-pachto.fr\",\"isPartOf\":{\"@id\":\"https:\\\/\\\/traducteur-pachto.fr\\\/#website\"},\"datePublished\":\"2025-12-19T16:33:28+00:00\",\"dateModified\":\"2026-01-19T19:44:55+00:00\",\"breadcrumb\":{\"@id\":\"https:\\\/\\\/traducteur-pachto.fr\\\/mentions-legales\\\/#breadcrumb\"},\"inLanguage\":\"ps\",\"potentialAction\":[{\"@type\":\"ReadAction\",\"target\":[\"https:\\\/\\\/traducteur-pachto.fr\\\/mentions-legales\\\/\"]}]},{\"@type\":\"BreadcrumbList\",\"@id\":\"https:\\\/\\\/traducteur-pachto.fr\\\/mentions-legales\\\/#breadcrumb\",\"itemListElement\":[{\"@type\":\"ListItem\",\"position\":1,\"name\":\"Accueil\",\"item\":\"https:\\\/\\\/traducteur-pachto.fr\\\/\"},{\"@type\":\"ListItem\",\"position\":2,\"name\":\"Mentions l\u00e9gales\"}]},{\"@type\":\"WebSite\",\"@id\":\"https:\\\/\\\/traducteur-pachto.fr\\\/#website\",\"url\":\"https:\\\/\\\/traducteur-pachto.fr\\\/\",\"name\":\"traducteur-pachto.fr\",\"description\":\"Traducteur asserment\u00e9 en pachto\",\"publisher\":{\"@id\":\"https:\\\/\\\/traducteur-pachto.fr\\\/#organization\"},\"potentialAction\":[{\"@type\":\"SearchAction\",\"target\":{\"@type\":\"EntryPoint\",\"urlTemplate\":\"https:\\\/\\\/traducteur-pachto.fr\\\/?s={search_term_string}\"},\"query-input\":{\"@type\":\"PropertyValueSpecification\",\"valueRequired\":true,\"valueName\":\"search_term_string\"}}],\"inLanguage\":\"ps\"},{\"@type\":\"Organization\",\"@id\":\"https:\\\/\\\/traducteur-pachto.fr\\\/#organization\",\"name\":\"traducteur-pachto.fr\",\"url\":\"https:\\\/\\\/traducteur-pachto.fr\\\/\",\"logo\":{\"@type\":\"ImageObject\",\"inLanguage\":\"ps\",\"@id\":\"https:\\\/\\\/traducteur-pachto.fr\\\/#\\\/schema\\\/logo\\\/image\\\/\",\"url\":\"https:\\\/\\\/traducteur-pachto.fr\\\/wp-content\\\/uploads\\\/2025\\\/12\\\/Design-sans-titre-53.png\",\"contentUrl\":\"https:\\\/\\\/traducteur-pachto.fr\\\/wp-content\\\/uploads\\\/2025\\\/12\\\/Design-sans-titre-53.png\",\"width\":1600,\"height\":1600,\"caption\":\"traducteur-pachto.fr\"},\"image\":{\"@id\":\"https:\\\/\\\/traducteur-pachto.fr\\\/#\\\/schema\\\/logo\\\/image\\\/\"}}]}<\/script>\n<!-- \/ Yoast SEO plugin. -->","yoast_head_json":{"title":"Mentions l\u00e9gales - traducteur-pachto.fr","robots":{"index":"index","follow":"follow","max-snippet":"max-snippet:-1","max-image-preview":"max-image-preview:large","max-video-preview":"max-video-preview:-1"},"canonical":"https:\/\/traducteur-pachto.fr\/ps\/mentions-legales\/","og_locale":"en_US","og_type":"article","og_title":"Mentions l\u00e9gales - traducteur-pachto.fr","og_description":"Mentions l\u00e9gales Conform\u00e9ment aux dispositions des articles 6-III et 19 de la loi n\u00b02004-575 du 21 juin 2004 pour la Confiance dans l\u2019\u00c9conomie Num\u00e9rique (L.C.E.N.), il est port\u00e9 \u00e0 la connaissance des utilisateurs et visiteurs, ci-apr\u00e8s l\u2019\u00ab Utilisateur \u00bb, du site Traducteur-Pachto.fr (ou nom de domaine exact), ci-apr\u00e8s le \u00ab Site \u00bb, les pr\u00e9sentes mentions [&hellip;]","og_url":"https:\/\/traducteur-pachto.fr\/ps\/mentions-legales\/","og_site_name":"traducteur-pachto.fr","article_modified_time":"2026-01-19T19:44:55+00:00","og_image":[{"width":520,"height":360,"url":"https:\/\/traducteur-pachto.fr\/wp-content\/uploads\/2025\/12\/9424_traducteur-in-french_-LOGO-DESIGN_01.png","type":"image\/png"}],"twitter_card":"summary_large_image","twitter_misc":{"Est. reading time":"2 minutes"},"schema":{"@context":"https:\/\/schema.org","@graph":[{"@type":"WebPage","@id":"https:\/\/traducteur-pachto.fr\/mentions-legales\/","url":"https:\/\/traducteur-pachto.fr\/mentions-legales\/","name":"Mentions l\u00e9gales - traducteur-pachto.fr","isPartOf":{"@id":"https:\/\/traducteur-pachto.fr\/#website"},"datePublished":"2025-12-19T16:33:28+00:00","dateModified":"2026-01-19T19:44:55+00:00","breadcrumb":{"@id":"https:\/\/traducteur-pachto.fr\/mentions-legales\/#breadcrumb"},"inLanguage":"ps","potentialAction":[{"@type":"ReadAction","target":["https:\/\/traducteur-pachto.fr\/mentions-legales\/"]}]},{"@type":"BreadcrumbList","@id":"https:\/\/traducteur-pachto.fr\/mentions-legales\/#breadcrumb","itemListElement":[{"@type":"ListItem","position":1,"name":"Accueil","item":"https:\/\/traducteur-pachto.fr\/"},{"@type":"ListItem","position":2,"name":"Mentions l\u00e9gales"}]},{"@type":"WebSite","@id":"https:\/\/traducteur-pachto.fr\/#website","url":"https:\/\/traducteur-pachto.fr\/","name":"traducteur-pachto.fr","description":"\u0631\u0633\u0645\u064a (\u0633\u0648\u06ab\u0646\u062f \u0627\u062e\u06cc\u0633\u062a\u06cc) \u067e\u069a\u062a\u0648 \u0698\u0628\u0627\u0693\u0646","publisher":{"@id":"https:\/\/traducteur-pachto.fr\/#organization"},"potentialAction":[{"@type":"SearchAction","target":{"@type":"EntryPoint","urlTemplate":"https:\/\/traducteur-pachto.fr\/?s={search_term_string}"},"query-input":{"@type":"PropertyValueSpecification","valueRequired":true,"valueName":"search_term_string"}}],"inLanguage":"ps"},{"@type":"Organization","@id":"https:\/\/traducteur-pachto.fr\/#organization","name":"traducteur-pachto.fr","url":"https:\/\/traducteur-pachto.fr\/","logo":{"@type":"ImageObject","inLanguage":"ps","@id":"https:\/\/traducteur-pachto.fr\/#\/schema\/logo\/image\/","url":"https:\/\/traducteur-pachto.fr\/wp-content\/uploads\/2025\/12\/Design-sans-titre-53.png","contentUrl":"https:\/\/traducteur-pachto.fr\/wp-content\/uploads\/2025\/12\/Design-sans-titre-53.png","width":1600,"height":1600,"caption":"traducteur-pachto.fr"},"image":{"@id":"https:\/\/traducteur-pachto.fr\/#\/schema\/logo\/image\/"}}]}},"_hostinger_reach_plugin_has_subscription_block":false,"_hostinger_reach_plugin_is_elementor":false,"_links":{"self":[{"href":"https:\/\/traducteur-pachto.fr\/ps\/wp-json\/wp\/v2\/pages\/3895","targetHints":{"allow":["GET"]}}],"collection":[{"href":"https:\/\/traducteur-pachto.fr\/ps\/wp-json\/wp\/v2\/pages"}],"about":[{"href":"https:\/\/traducteur-pachto.fr\/ps\/wp-json\/wp\/v2\/types\/page"}],"author":[{"embeddable":true,"href":"https:\/\/traducteur-pachto.fr\/ps\/wp-json\/wp\/v2\/users\/1"}],"replies":[{"embeddable":true,"href":"https:\/\/traducteur-pachto.fr\/ps\/wp-json\/wp\/v2\/comments?post=3895"}],"version-history":[{"count":10,"href":"https:\/\/traducteur-pachto.fr\/ps\/wp-json\/wp\/v2\/pages\/3895\/revisions"}],"predecessor-version":[{"id":4091,"href":"https:\/\/traducteur-pachto.fr\/ps\/wp-json\/wp\/v2\/pages\/3895\/revisions\/4091"}],"wp:attachment":[{"href":"https:\/\/traducteur-pachto.fr\/ps\/wp-json\/wp\/v2\/media?parent=3895"}],"curies":[{"name":"wp","href":"https:\/\/api.w.org\/{rel}","templated":true}]}}