{"id":3894,"date":"2025-12-19T16:34:00","date_gmt":"2025-12-19T16:34:00","guid":{"rendered":"https:\/\/traducteur-pachto.fr\/?page_id=3894"},"modified":"2026-02-18T08:45:34","modified_gmt":"2026-02-18T08:45:34","slug":"privacy","status":"publish","type":"page","link":"https:\/\/traducteur-pachto.fr\/ps\/privacy\/","title":{"rendered":"Privacy"},"content":{"rendered":"<div data-elementor-type=\"wp-page\" data-elementor-id=\"3894\" class=\"elementor elementor-3894\" data-elementor-post-type=\"page\">\n\t\t\t\t<div class=\"elementor-element elementor-element-f712324 e-flex e-con-boxed e-con e-parent\" data-id=\"f712324\" data-element_type=\"container\" data-e-type=\"container\" data-settings=\"{&quot;background_background&quot;:&quot;classic&quot;}\">\n\t\t\t\t\t<div class=\"e-con-inner\">\n\t\t\t\t\t<\/div>\n\t\t\t\t<\/div>\n\t\t<div class=\"elementor-element elementor-element-c5a190c e-flex e-con-boxed e-con e-parent\" data-id=\"c5a190c\" data-element_type=\"container\" data-e-type=\"container\">\n\t\t\t\t\t<div class=\"e-con-inner\">\n\t\t<div class=\"elementor-element elementor-element-4683b9f e-con-full e-flex e-con e-child\" data-id=\"4683b9f\" data-element_type=\"container\" data-e-type=\"container\" data-settings=\"{&quot;background_background&quot;:&quot;classic&quot;}\">\n\t\t\t\t<div class=\"elementor-element elementor-element-4d771f4 elementor-widget elementor-widget-text-editor\" data-id=\"4d771f4\" data-element_type=\"widget\" data-e-type=\"widget\" data-widget_type=\"text-editor.default\">\n\t\t\t\t\t\t\t\t\t<hr data-start=\"287\" data-end=\"290\" \/><h1 data-start=\"292\" data-end=\"322\"><strong>Politique de confidentialit\u00e9<\/strong><\/h1><p data-start=\"324\" data-end=\"616\"><strong>La pr\u00e9sente politique de confidentialit\u00e9 d\u00e9crit la mani\u00e8re dont Neotrad collecte, utilise et prot\u00e8ge les donn\u00e9es personnelles des utilisateurs du site Traducteur-Pachto.fr (ci-apr\u00e8s le \u00ab Site \u00bb), ainsi que les droits dont vous disposez conform\u00e9ment \u00e0 la r\u00e9glementation applicable.<\/strong><\/p><p data-start=\"618\" data-end=\"749\"><strong>En utilisant le Site, vous acceptez la collecte et l\u2019utilisation de vos donn\u00e9es personnelles dans les conditions d\u00e9crites ci-apr\u00e8s.<\/strong><\/p>\t\t\t\t\t\t\t\t<\/div>\n\t\t\t\t<div class=\"elementor-element elementor-element-a175cdd elementor-widget elementor-widget-heading\" data-id=\"a175cdd\" data-element_type=\"widget\" data-e-type=\"widget\" data-widget_type=\"heading.default\">\n\t\t\t\t\t<h6 class=\"elementor-heading-title elementor-size-default\">Interpr\u00e9tation et d\u00e9finitions<\/h6>\t\t\t\t<\/div>\n\t\t\t\t<div class=\"elementor-element elementor-element-3bacd58 elementor-widget elementor-widget-text-editor\" data-id=\"3bacd58\" data-element_type=\"widget\" data-e-type=\"widget\" data-widget_type=\"text-editor.default\">\n\t\t\t\t\t\t\t\t\t<h3 data-start=\"793\" data-end=\"813\">Interpr\u00e9tation<\/h3><p data-start=\"814\" data-end=\"957\">Les termes dont la premi\u00e8re lettre est en majuscule ont la signification d\u00e9finie ci-dessous, qu\u2019ils soient employ\u00e9s au singulier ou au pluriel.<\/p><h3 data-start=\"959\" data-end=\"976\">D\u00e9finitions<\/h3><ul data-start=\"978\" data-end=\"1691\"><li data-start=\"978\" data-end=\"1045\"><p data-start=\"980\" data-end=\"1045\">Soci\u00e9t\u00e9 : d\u00e9signe Neotrad SASU, immatricul\u00e9e en France.<\/p><\/li><li data-start=\"1046\" data-end=\"1111\"><p data-start=\"1048\" data-end=\"1111\">Site : d\u00e9signe le site internet Traducteur-Pachto.fr.<\/p><\/li><li data-start=\"1112\" data-end=\"1206\"><p data-start=\"1114\" data-end=\"1206\">Utilisateur : toute personne physique naviguant sur le Site ou utilisant ses services.<\/p><\/li><li data-start=\"1207\" data-end=\"1331\"><p data-start=\"1209\" data-end=\"1331\">Donn\u00e9es personnelles : toute information permettant d\u2019identifier directement ou indirectement une personne physique.<\/p><\/li><li data-start=\"1332\" data-end=\"1457\"><p data-start=\"1334\" data-end=\"1457\">Service : d\u00e9signe l\u2019ensemble des services propos\u00e9s via le Site (demande de devis, contact, envoi de documents, etc.).<\/p><\/li><li data-start=\"1458\" data-end=\"1595\"><p data-start=\"1460\" data-end=\"1595\">Prestataire : toute personne physique ou morale traitant des donn\u00e9es pour le compte de la Soci\u00e9t\u00e9 (h\u00e9bergeur, outils techniques).<\/p><\/li><li data-start=\"1596\" data-end=\"1691\"><p data-start=\"1598\" data-end=\"1691\">Cookies : petits fichiers d\u00e9pos\u00e9s sur le terminal de l\u2019Utilisateur lors de la navigation.<\/p><\/li><li data-start=\"1458\" data-end=\"1595\">\u00a0<\/li><\/ul>\t\t\t\t\t\t\t\t<\/div>\n\t\t\t\t<div class=\"elementor-element elementor-element-569f4e0 elementor-widget elementor-widget-heading\" data-id=\"569f4e0\" data-element_type=\"widget\" data-e-type=\"widget\" data-widget_type=\"heading.default\">\n\t\t\t\t\t<h6 class=\"elementor-heading-title elementor-size-default\">2. Responsable du traitement<\/h6>\t\t\t\t<\/div>\n\t\t\t\t<div class=\"elementor-element elementor-element-e3b4eea elementor-widget elementor-widget-text-editor\" data-id=\"e3b4eea\" data-element_type=\"widget\" data-e-type=\"widget\" data-widget_type=\"text-editor.default\">\n\t\t\t\t\t\t\t\t\t<p data-start=\"1731\" data-end=\"1777\">Le responsable du traitement des donn\u00e9es est :<\/p><p data-start=\"1779\" data-end=\"1875\">Neotrad SASU<br data-start=\"1795\" data-end=\"1798\" \/>147 rue Lamarck, 75018 Paris \u2013 France<br data-start=\"1835\" data-end=\"1838\" \/>Email : <a class=\"decorated-link cursor-pointer\" rel=\"noopener\" data-start=\"1848\" data-end=\"1873\">info@traducteur-pachto.f<\/a><\/p>\t\t\t\t\t\t\t\t<\/div>\n\t\t\t\t<div class=\"elementor-element elementor-element-921e797 elementor-widget elementor-widget-heading\" data-id=\"921e797\" data-element_type=\"widget\" data-e-type=\"widget\" data-widget_type=\"heading.default\">\n\t\t\t\t\t<h6 class=\"elementor-heading-title elementor-size-default\">3. Donn\u00e9es personnelles collect\u00e9es<\/h6>\t\t\t\t<\/div>\n\t\t\t\t<div class=\"elementor-element elementor-element-cb23a7d elementor-widget elementor-widget-text-editor\" data-id=\"cb23a7d\" data-element_type=\"widget\" data-e-type=\"widget\" data-widget_type=\"text-editor.default\">\n\t\t\t\t\t\t\t\t\t<h3 data-start=\"1921\" data-end=\"1977\">3.1 Donn\u00e9es fournies directement par l\u2019Utilisateur<\/h3><p data-start=\"1978\" data-end=\"2055\">Lors de l\u2019utilisation du Site, nous pouvons collecter les donn\u00e9es suivantes :<\/p><ul data-start=\"2057\" data-end=\"2276\"><li data-start=\"2057\" data-end=\"2074\"><p data-start=\"2059\" data-end=\"2074\">nom et pr\u00e9nom<\/p><\/li><li data-start=\"2075\" data-end=\"2093\"><p data-start=\"2077\" data-end=\"2093\">adresse e-mail<\/p><\/li><li data-start=\"2094\" data-end=\"2117\"><p data-start=\"2096\" data-end=\"2117\">num\u00e9ro de t\u00e9l\u00e9phone<\/p><\/li><li data-start=\"2118\" data-end=\"2176\"><p data-start=\"2120\" data-end=\"2176\">contenu du message envoy\u00e9 via le formulaire de contact<\/p><\/li><li data-start=\"2177\" data-end=\"2276\"><p data-start=\"2179\" data-end=\"2276\">documents transmis volontairement (dans le cadre d\u2019une demande de traduction ou d\u2019interpr\u00e9tariat)<\/p><\/li><\/ul>\t\t\t\t\t\t\t\t<\/div>\n\t\t\t\t<div class=\"elementor-element elementor-element-05ea4f2 elementor-widget elementor-widget-heading\" data-id=\"05ea4f2\" data-element_type=\"widget\" data-e-type=\"widget\" data-widget_type=\"heading.default\">\n\t\t\t\t\t<h6 class=\"elementor-heading-title elementor-size-default\">3.2 Donn\u00e9es collect\u00e9es automatiquement (donn\u00e9es de navigation)<\/h6>\t\t\t\t<\/div>\n\t\t\t\t<div class=\"elementor-element elementor-element-4974221 elementor-widget elementor-widget-text-editor\" data-id=\"4974221\" data-element_type=\"widget\" data-e-type=\"widget\" data-widget_type=\"text-editor.default\">\n\t\t\t\t\t\t\t\t\t<p data-start=\"2347\" data-end=\"2441\">Lors de la navigation sur le Site, certaines donn\u00e9es peuvent \u00eatre collect\u00e9es automatiquement :<\/p><ul data-start=\"2443\" data-end=\"2595\"><li data-start=\"2443\" data-end=\"2457\"><p data-start=\"2445\" data-end=\"2457\">adresse IP<\/p><\/li><li data-start=\"2458\" data-end=\"2491\"><p data-start=\"2460\" data-end=\"2491\">type de navigateur et version<\/p><\/li><li data-start=\"2492\" data-end=\"2512\"><p data-start=\"2494\" data-end=\"2512\">pages consult\u00e9es<\/p><\/li><li data-start=\"2513\" data-end=\"2543\"><p data-start=\"2515\" data-end=\"2543\">date et dur\u00e9e de la visite<\/p><\/li><li data-start=\"2544\" data-end=\"2595\"><p data-start=\"2546\" data-end=\"2595\">informations techniques li\u00e9es au terminal utilis\u00e9<\/p><\/li><\/ul>\t\t\t\t\t\t\t\t<\/div>\n\t\t\t\t<div class=\"elementor-element elementor-element-453ede6 elementor-widget elementor-widget-heading\" data-id=\"453ede6\" data-element_type=\"widget\" data-e-type=\"widget\" data-widget_type=\"heading.default\">\n\t\t\t\t\t<h6 class=\"elementor-heading-title elementor-size-default\">4. Finalit\u00e9s du traitement<\/h6>\t\t\t\t<\/div>\n\t\t\t\t<div class=\"elementor-element elementor-element-4fc3081 elementor-widget elementor-widget-text-editor\" data-id=\"4fc3081\" data-element_type=\"widget\" data-e-type=\"widget\" data-widget_type=\"text-editor.default\">\n\t\t\t\t\t\t\t\t\t<p data-start=\"2633\" data-end=\"2704\">Les donn\u00e9es personnelles sont collect\u00e9es pour les finalit\u00e9s suivantes :<\/p><ul data-start=\"2706\" data-end=\"2968\"><li data-start=\"2706\" data-end=\"2754\"><p data-start=\"2708\" data-end=\"2754\">r\u00e9pondre aux demandes de contact et de devis<\/p><\/li><li data-start=\"2755\" data-end=\"2813\"><p data-start=\"2757\" data-end=\"2813\">fournir les services de traduction et d\u2019interpr\u00e9tariat<\/p><\/li><li data-start=\"2814\" data-end=\"2859\"><p data-start=\"2816\" data-end=\"2859\">assurer le suivi des demandes et dossiers<\/p><\/li><li data-start=\"2860\" data-end=\"2914\"><p data-start=\"2862\" data-end=\"2914\">am\u00e9liorer le fonctionnement et la s\u00e9curit\u00e9 du Site<\/p><\/li><li data-start=\"2915\" data-end=\"2968\"><p data-start=\"2917\" data-end=\"2968\">respecter les obligations l\u00e9gales et r\u00e9glementaires<\/p><\/li><\/ul>\t\t\t\t\t\t\t\t<\/div>\n\t\t\t\t<\/div>\n\t\t<div class=\"elementor-element elementor-element-a09e156 e-con-full e-flex e-con e-child\" data-id=\"a09e156\" data-element_type=\"container\" data-e-type=\"container\" data-settings=\"{&quot;background_background&quot;:&quot;classic&quot;}\">\n\t\t\t\t<div class=\"elementor-element elementor-element-8ed8f9b elementor-widget elementor-widget-heading\" data-id=\"8ed8f9b\" data-element_type=\"widget\" data-e-type=\"widget\" data-widget_type=\"heading.default\">\n\t\t\t\t\t<h6 class=\"elementor-heading-title elementor-size-default\">5. Base l\u00e9gale du traitement<\/h6>\t\t\t\t<\/div>\n\t\t\t\t<div class=\"elementor-element elementor-element-9f0b769 elementor-widget elementor-widget-text-editor\" data-id=\"9f0b769\" data-element_type=\"widget\" data-e-type=\"widget\" data-widget_type=\"text-editor.default\">\n\t\t\t\t\t\t\t\t\t<p data-start=\"3008\" data-end=\"3041\">Les traitements sont fond\u00e9s sur :<\/p><ul data-start=\"3043\" data-end=\"3284\"><li data-start=\"3043\" data-end=\"3106\"><p data-start=\"3045\" data-end=\"3106\">le consentement de l\u2019Utilisateur (formulaires, contact)<\/p><\/li><li data-start=\"3107\" data-end=\"3171\"><p data-start=\"3109\" data-end=\"3171\">l\u2019ex\u00e9cution d\u2019un contrat ou de mesures pr\u00e9contractuelles<\/p><\/li><li data-start=\"3172\" data-end=\"3212\"><p data-start=\"3174\" data-end=\"3212\">le respect d\u2019obligations l\u00e9gales<\/p><\/li><li data-start=\"3213\" data-end=\"3284\"><p data-start=\"3215\" data-end=\"3284\">l\u2019int\u00e9r\u00eat l\u00e9gitime de la Soci\u00e9t\u00e9 (s\u00e9curit\u00e9, am\u00e9lioration du Site)<\/p><\/li><\/ul>\t\t\t\t\t\t\t\t<\/div>\n\t\t\t\t<div class=\"elementor-element elementor-element-adfdb57 elementor-widget elementor-widget-heading\" data-id=\"adfdb57\" data-element_type=\"widget\" data-e-type=\"widget\" data-widget_type=\"heading.default\">\n\t\t\t\t\t<h6 class=\"elementor-heading-title elementor-size-default\">6. Cookies et traceurs<\/h6>\t\t\t\t<\/div>\n\t\t\t\t<div class=\"elementor-element elementor-element-cb37c1f elementor-widget elementor-widget-text-editor\" data-id=\"cb37c1f\" data-element_type=\"widget\" data-e-type=\"widget\" data-widget_type=\"text-editor.default\">\n\t\t\t\t\t\t\t\t\t<p data-start=\"3318\" data-end=\"3355\">Le Site utilise des cookies afin de :<\/p><ul data-start=\"3357\" data-end=\"3474\"><li data-start=\"3357\" data-end=\"3391\"><p data-start=\"3359\" data-end=\"3391\">assurer son bon fonctionnement<\/p><\/li><li data-start=\"3392\" data-end=\"3438\"><p data-start=\"3394\" data-end=\"3438\">m\u00e9moriser les pr\u00e9f\u00e9rences de l\u2019Utilisateur<\/p><\/li><li data-start=\"3439\" data-end=\"3474\"><p data-start=\"3441\" data-end=\"3474\">analyser la fr\u00e9quentation du Site<\/p><\/li><\/ul><h3 data-start=\"3476\" data-end=\"3507\">Types de cookies utilis\u00e9s :<\/h3><ul data-start=\"3509\" data-end=\"3703\"><li data-start=\"3509\" data-end=\"3579\"><p data-start=\"3511\" data-end=\"3579\">Cookies n\u00e9cessaires : indispensables au fonctionnement du Site<\/p><\/li><li data-start=\"3580\" data-end=\"3651\"><p data-start=\"3582\" data-end=\"3651\">Cookies de pr\u00e9f\u00e9rence : m\u00e9morisation des choix de l\u2019Utilisateur<\/p><\/li><li data-start=\"3652\" data-end=\"3703\"><p data-start=\"3654\" data-end=\"3703\">Cookies de mesure d\u2019audience (le cas \u00e9ch\u00e9ant)<\/p><\/li><\/ul><p data-start=\"3705\" data-end=\"3805\">L\u2019Utilisateur peut configurer son navigateur pour refuser les cookies ou \u00eatre inform\u00e9 de leur d\u00e9p\u00f4t.<\/p>\t\t\t\t\t\t\t\t<\/div>\n\t\t\t\t<div class=\"elementor-element elementor-element-fae8213 elementor-widget elementor-widget-heading\" data-id=\"fae8213\" data-element_type=\"widget\" data-e-type=\"widget\" data-widget_type=\"heading.default\">\n\t\t\t\t\t<h6 class=\"elementor-heading-title elementor-size-default\">7. Partage des donn\u00e9es<\/h6>\t\t\t\t<\/div>\n\t\t\t\t<div class=\"elementor-element elementor-element-a8dcc73 elementor-widget elementor-widget-text-editor\" data-id=\"a8dcc73\" data-element_type=\"widget\" data-e-type=\"widget\" data-widget_type=\"text-editor.default\">\n\t\t\t\t\t\t\t\t\t<p data-start=\"3839\" data-end=\"3891\">Les donn\u00e9es personnelles ne sont jamais vendues.<\/p><p data-start=\"3893\" data-end=\"3939\">Elles peuvent \u00eatre partag\u00e9es uniquement avec :<\/p><ul data-start=\"3941\" data-end=\"4074\"><li data-start=\"3941\" data-end=\"4003\"><p data-start=\"3943\" data-end=\"4003\">des prestataires techniques (h\u00e9bergement, maintenance)<\/p><\/li><li data-start=\"4004\" data-end=\"4074\"><p data-start=\"4006\" data-end=\"4074\">les autorit\u00e9s comp\u00e9tentes, uniquement en cas d\u2019obligation l\u00e9gale<\/p><\/li><\/ul>\t\t\t\t\t\t\t\t<\/div>\n\t\t\t\t<div class=\"elementor-element elementor-element-1827409 elementor-widget elementor-widget-heading\" data-id=\"1827409\" data-element_type=\"widget\" data-e-type=\"widget\" data-widget_type=\"heading.default\">\n\t\t\t\t\t<h6 class=\"elementor-heading-title elementor-size-default\">8. H\u00e9bergement et transferts de donn\u00e9es<\/h6>\t\t\t\t<\/div>\n\t\t\t\t<div class=\"elementor-element elementor-element-ace8303 elementor-widget elementor-widget-text-editor\" data-id=\"ace8303\" data-element_type=\"widget\" data-e-type=\"widget\" data-widget_type=\"text-editor.default\">\n\t\t\t\t\t\t\t\t\t<p data-start=\"4125\" data-end=\"4150\">Le Site est h\u00e9berg\u00e9 par :<\/p><p data-start=\"4152\" data-end=\"4232\">Hostinger International Ltd<br data-start=\"4183\" data-end=\"4186\" \/>61 Lordou Vironos Street, 6023 Larnaca, Chypre<\/p><p data-start=\"4234\" data-end=\"4386\">Les donn\u00e9es sont h\u00e9berg\u00e9es dans des conditions conformes aux exigences du RGPD.<br data-start=\"4313\" data-end=\"4316\" \/>Aucun transfert non encadr\u00e9 hors de l\u2019Union europ\u00e9enne n\u2019est effectu\u00e9.<\/p>\t\t\t\t\t\t\t\t<\/div>\n\t\t\t\t<div class=\"elementor-element elementor-element-f707f48 elementor-widget elementor-widget-heading\" data-id=\"f707f48\" data-element_type=\"widget\" data-e-type=\"widget\" data-widget_type=\"heading.default\">\n\t\t\t\t\t<h6 class=\"elementor-heading-title elementor-size-default\">9. Dur\u00e9e de conservation<\/h6>\t\t\t\t<\/div>\n\t\t\t\t<div class=\"elementor-element elementor-element-d85cbb0 elementor-widget elementor-widget-text-editor\" data-id=\"d85cbb0\" data-element_type=\"widget\" data-e-type=\"widget\" data-widget_type=\"text-editor.default\">\n\t\t\t\t\t\t\t\t\t<p data-start=\"4422\" data-end=\"4464\">Les donn\u00e9es personnelles sont conserv\u00e9es :<\/p><p data-start=\"2633\" data-end=\"2704\">\u00a0<\/p><ul data-start=\"4466\" data-end=\"4660\"><li data-start=\"4466\" data-end=\"4525\"><p data-start=\"4468\" data-end=\"4525\">pendant la dur\u00e9e n\u00e9cessaire au traitement de la demande<\/p><\/li><li data-start=\"4526\" data-end=\"4581\"><p data-start=\"4528\" data-end=\"4581\">puis archiv\u00e9es conform\u00e9ment aux obligations l\u00e9gales<\/p><\/li><li data-start=\"4582\" data-end=\"4660\"><p data-start=\"4584\" data-end=\"4660\">ou supprim\u00e9es sur demande de l\u2019Utilisateur, sauf obligation l\u00e9gale contraire<\/p><\/li><\/ul>\t\t\t\t\t\t\t\t<\/div>\n\t\t\t\t<\/div>\n\t\t\t\t\t<\/div>\n\t\t\t\t<\/div>\n\t\t\t\t<\/div>","protected":false},"excerpt":{"rendered":"<p>Politique de confidentialit\u00e9 La pr\u00e9sente politique de confidentialit\u00e9 d\u00e9crit la mani\u00e8re dont Neotrad collecte, utilise et prot\u00e8ge les donn\u00e9es personnelles des utilisateurs du site Traducteur-Pachto.fr (ci-apr\u00e8s le \u00ab Site \u00bb), ainsi que les droits dont vous disposez conform\u00e9ment \u00e0 la r\u00e9glementation applicable. En utilisant le Site, vous acceptez la collecte et l\u2019utilisation de vos donn\u00e9es [&hellip;]<\/p>\n","protected":false},"author":1,"featured_media":0,"parent":0,"menu_order":0,"comment_status":"closed","ping_status":"closed","template":"elementor_header_footer","meta":{"footnotes":""},"class_list":["post-3894","page","type-page","status-publish","hentry"],"yoast_head":"<!-- This site is optimized with the Yoast SEO plugin v27.5 - https:\/\/yoast.com\/product\/yoast-seo-wordpress\/ -->\n<title>Privacy - traducteur-pachto.fr<\/title>\n<meta name=\"robots\" content=\"index, follow, max-snippet:-1, max-image-preview:large, max-video-preview:-1\" \/>\n<link rel=\"canonical\" href=\"https:\/\/traducteur-pachto.fr\/ps\/privacy\/\" \/>\n<meta property=\"og:locale\" content=\"en_US\" \/>\n<meta property=\"og:type\" content=\"article\" \/>\n<meta property=\"og:title\" content=\"Privacy - traducteur-pachto.fr\" \/>\n<meta property=\"og:description\" content=\"Politique de confidentialit\u00e9 La pr\u00e9sente politique de confidentialit\u00e9 d\u00e9crit la mani\u00e8re dont Neotrad collecte, utilise et prot\u00e8ge les donn\u00e9es personnelles des utilisateurs du site Traducteur-Pachto.fr (ci-apr\u00e8s le \u00ab Site \u00bb), ainsi que les droits dont vous disposez conform\u00e9ment \u00e0 la r\u00e9glementation applicable. En utilisant le Site, vous acceptez la collecte et l\u2019utilisation de vos donn\u00e9es [&hellip;]\" \/>\n<meta property=\"og:url\" content=\"https:\/\/traducteur-pachto.fr\/ps\/privacy\/\" \/>\n<meta property=\"og:site_name\" content=\"traducteur-pachto.fr\" \/>\n<meta property=\"article:modified_time\" content=\"2026-02-18T08:45:34+00:00\" \/>\n<meta property=\"og:image\" content=\"https:\/\/traducteur-pachto.fr\/wp-content\/uploads\/2025\/12\/9424_traducteur-in-french_-LOGO-DESIGN_01.png\" \/>\n\t<meta property=\"og:image:width\" content=\"520\" \/>\n\t<meta property=\"og:image:height\" content=\"360\" \/>\n\t<meta property=\"og:image:type\" content=\"image\/png\" \/>\n<meta name=\"twitter:card\" content=\"summary_large_image\" \/>\n<meta name=\"twitter:label1\" content=\"Est. reading time\" \/>\n\t<meta name=\"twitter:data1\" content=\"3 minutes\" \/>\n<script type=\"application\/ld+json\" class=\"yoast-schema-graph\">{\"@context\":\"https:\\\/\\\/schema.org\",\"@graph\":[{\"@type\":\"WebPage\",\"@id\":\"https:\\\/\\\/traducteur-pachto.fr\\\/privacy\\\/\",\"url\":\"https:\\\/\\\/traducteur-pachto.fr\\\/privacy\\\/\",\"name\":\"Privacy - traducteur-pachto.fr\",\"isPartOf\":{\"@id\":\"https:\\\/\\\/traducteur-pachto.fr\\\/#website\"},\"datePublished\":\"2025-12-19T16:34:00+00:00\",\"dateModified\":\"2026-02-18T08:45:34+00:00\",\"breadcrumb\":{\"@id\":\"https:\\\/\\\/traducteur-pachto.fr\\\/privacy\\\/#breadcrumb\"},\"inLanguage\":\"ps\",\"potentialAction\":[{\"@type\":\"ReadAction\",\"target\":[\"https:\\\/\\\/traducteur-pachto.fr\\\/privacy\\\/\"]}]},{\"@type\":\"BreadcrumbList\",\"@id\":\"https:\\\/\\\/traducteur-pachto.fr\\\/privacy\\\/#breadcrumb\",\"itemListElement\":[{\"@type\":\"ListItem\",\"position\":1,\"name\":\"Accueil\",\"item\":\"https:\\\/\\\/traducteur-pachto.fr\\\/\"},{\"@type\":\"ListItem\",\"position\":2,\"name\":\"Privacy\"}]},{\"@type\":\"WebSite\",\"@id\":\"https:\\\/\\\/traducteur-pachto.fr\\\/#website\",\"url\":\"https:\\\/\\\/traducteur-pachto.fr\\\/\",\"name\":\"traducteur-pachto.fr\",\"description\":\"Traducteur asserment\u00e9 en pachto\",\"publisher\":{\"@id\":\"https:\\\/\\\/traducteur-pachto.fr\\\/#organization\"},\"potentialAction\":[{\"@type\":\"SearchAction\",\"target\":{\"@type\":\"EntryPoint\",\"urlTemplate\":\"https:\\\/\\\/traducteur-pachto.fr\\\/?s={search_term_string}\"},\"query-input\":{\"@type\":\"PropertyValueSpecification\",\"valueRequired\":true,\"valueName\":\"search_term_string\"}}],\"inLanguage\":\"ps\"},{\"@type\":\"Organization\",\"@id\":\"https:\\\/\\\/traducteur-pachto.fr\\\/#organization\",\"name\":\"traducteur-pachto.fr\",\"url\":\"https:\\\/\\\/traducteur-pachto.fr\\\/\",\"logo\":{\"@type\":\"ImageObject\",\"inLanguage\":\"ps\",\"@id\":\"https:\\\/\\\/traducteur-pachto.fr\\\/#\\\/schema\\\/logo\\\/image\\\/\",\"url\":\"https:\\\/\\\/traducteur-pachto.fr\\\/wp-content\\\/uploads\\\/2025\\\/12\\\/Design-sans-titre-53.png\",\"contentUrl\":\"https:\\\/\\\/traducteur-pachto.fr\\\/wp-content\\\/uploads\\\/2025\\\/12\\\/Design-sans-titre-53.png\",\"width\":1600,\"height\":1600,\"caption\":\"traducteur-pachto.fr\"},\"image\":{\"@id\":\"https:\\\/\\\/traducteur-pachto.fr\\\/#\\\/schema\\\/logo\\\/image\\\/\"}}]}<\/script>\n<!-- \/ Yoast SEO plugin. -->","yoast_head_json":{"title":"Privacy - traducteur-pachto.fr","robots":{"index":"index","follow":"follow","max-snippet":"max-snippet:-1","max-image-preview":"max-image-preview:large","max-video-preview":"max-video-preview:-1"},"canonical":"https:\/\/traducteur-pachto.fr\/ps\/privacy\/","og_locale":"en_US","og_type":"article","og_title":"Privacy - traducteur-pachto.fr","og_description":"Politique de confidentialit\u00e9 La pr\u00e9sente politique de confidentialit\u00e9 d\u00e9crit la mani\u00e8re dont Neotrad collecte, utilise et prot\u00e8ge les donn\u00e9es personnelles des utilisateurs du site Traducteur-Pachto.fr (ci-apr\u00e8s le \u00ab Site \u00bb), ainsi que les droits dont vous disposez conform\u00e9ment \u00e0 la r\u00e9glementation applicable. En utilisant le Site, vous acceptez la collecte et l\u2019utilisation de vos donn\u00e9es [&hellip;]","og_url":"https:\/\/traducteur-pachto.fr\/ps\/privacy\/","og_site_name":"traducteur-pachto.fr","article_modified_time":"2026-02-18T08:45:34+00:00","og_image":[{"width":520,"height":360,"url":"https:\/\/traducteur-pachto.fr\/wp-content\/uploads\/2025\/12\/9424_traducteur-in-french_-LOGO-DESIGN_01.png","type":"image\/png"}],"twitter_card":"summary_large_image","twitter_misc":{"Est. reading time":"3 minutes"},"schema":{"@context":"https:\/\/schema.org","@graph":[{"@type":"WebPage","@id":"https:\/\/traducteur-pachto.fr\/privacy\/","url":"https:\/\/traducteur-pachto.fr\/privacy\/","name":"Privacy - traducteur-pachto.fr","isPartOf":{"@id":"https:\/\/traducteur-pachto.fr\/#website"},"datePublished":"2025-12-19T16:34:00+00:00","dateModified":"2026-02-18T08:45:34+00:00","breadcrumb":{"@id":"https:\/\/traducteur-pachto.fr\/privacy\/#breadcrumb"},"inLanguage":"ps","potentialAction":[{"@type":"ReadAction","target":["https:\/\/traducteur-pachto.fr\/privacy\/"]}]},{"@type":"BreadcrumbList","@id":"https:\/\/traducteur-pachto.fr\/privacy\/#breadcrumb","itemListElement":[{"@type":"ListItem","position":1,"name":"Accueil","item":"https:\/\/traducteur-pachto.fr\/"},{"@type":"ListItem","position":2,"name":"Privacy"}]},{"@type":"WebSite","@id":"https:\/\/traducteur-pachto.fr\/#website","url":"https:\/\/traducteur-pachto.fr\/","name":"traducteur-pachto.fr","description":"\u0631\u0633\u0645\u064a (\u0633\u0648\u06ab\u0646\u062f \u0627\u062e\u06cc\u0633\u062a\u06cc) \u067e\u069a\u062a\u0648 \u0698\u0628\u0627\u0693\u0646","publisher":{"@id":"https:\/\/traducteur-pachto.fr\/#organization"},"potentialAction":[{"@type":"SearchAction","target":{"@type":"EntryPoint","urlTemplate":"https:\/\/traducteur-pachto.fr\/?s={search_term_string}"},"query-input":{"@type":"PropertyValueSpecification","valueRequired":true,"valueName":"search_term_string"}}],"inLanguage":"ps"},{"@type":"Organization","@id":"https:\/\/traducteur-pachto.fr\/#organization","name":"traducteur-pachto.fr","url":"https:\/\/traducteur-pachto.fr\/","logo":{"@type":"ImageObject","inLanguage":"ps","@id":"https:\/\/traducteur-pachto.fr\/#\/schema\/logo\/image\/","url":"https:\/\/traducteur-pachto.fr\/wp-content\/uploads\/2025\/12\/Design-sans-titre-53.png","contentUrl":"https:\/\/traducteur-pachto.fr\/wp-content\/uploads\/2025\/12\/Design-sans-titre-53.png","width":1600,"height":1600,"caption":"traducteur-pachto.fr"},"image":{"@id":"https:\/\/traducteur-pachto.fr\/#\/schema\/logo\/image\/"}}]}},"_hostinger_reach_plugin_has_subscription_block":false,"_hostinger_reach_plugin_is_elementor":false,"_links":{"self":[{"href":"https:\/\/traducteur-pachto.fr\/ps\/wp-json\/wp\/v2\/pages\/3894","targetHints":{"allow":["GET"]}}],"collection":[{"href":"https:\/\/traducteur-pachto.fr\/ps\/wp-json\/wp\/v2\/pages"}],"about":[{"href":"https:\/\/traducteur-pachto.fr\/ps\/wp-json\/wp\/v2\/types\/page"}],"author":[{"embeddable":true,"href":"https:\/\/traducteur-pachto.fr\/ps\/wp-json\/wp\/v2\/users\/1"}],"replies":[{"embeddable":true,"href":"https:\/\/traducteur-pachto.fr\/ps\/wp-json\/wp\/v2\/comments?post=3894"}],"version-history":[{"count":11,"href":"https:\/\/traducteur-pachto.fr\/ps\/wp-json\/wp\/v2\/pages\/3894\/revisions"}],"predecessor-version":[{"id":4094,"href":"https:\/\/traducteur-pachto.fr\/ps\/wp-json\/wp\/v2\/pages\/3894\/revisions\/4094"}],"wp:attachment":[{"href":"https:\/\/traducteur-pachto.fr\/ps\/wp-json\/wp\/v2\/media?parent=3894"}],"curies":[{"name":"wp","href":"https:\/\/api.w.org\/{rel}","templated":true}]}}